{"id":39,"date":"2022-09-01T16:12:02","date_gmt":"2022-09-01T16:12:02","guid":{"rendered":"http:\/\/schaftbau.com\/privacy-policy\/"},"modified":"2022-10-20T07:37:05","modified_gmt":"2022-10-20T07:37:05","slug":"datenschutzerklaerung","status":"publish","type":"page","link":"https:\/\/schaftbau.com\/en\/datenschutzerklaerung\/","title":{"rendered":"privacy policy"},"content":{"rendered":"\r\n<p>Herzlich willkommen bei der Sch\u00e4ftemacherei Seidich! Wir freuen uns, dass Sie unsere Webseite besuchen und bedanken uns f\u00fcr Ihr Interesse an unserer Arbeit. Der Schutz Ihrer Privatsph\u00e4re ist uns sehr wichtig und entsprechend der neuen europ\u00e4ischen Datenschutzgrundverordnung gehen wir mit Ihren Daten sehr sensibel um. Bitte nehmen Sie die nachstehenden Informationen zur Kenntnis:<\/p>\r\n<p><strong>01: Erhebung und Verarbeitung personenbezogener Daten<\/strong><br \/>Auf unsere Webseite informieren wir allgemein \u00fcber unsere Werkstatt, uns m\u00f6gliche Leistungen, allgemein \u00fcber unser Handwerk und \u00fcber die Tradition unserer Familie.<br \/><br \/>Sie k\u00f6nnen unsere Webseite grunds\u00e4tzlich besuchen, ohne uns mitzuteilen, wer Sie sind. Wir speichern keine Daten unserer Besucher &#8211; auch nicht zu statistischen Zwecken.<\/p>\r\n<p>Auf unserer Webseite k\u00f6nnen Sie keine Ware oder Dienstleistung erwerben oder anfordern. Sie k\u00f6nnen keinen Kauf- oder Dienstleistungsvertrag abschlie\u00dfen. Daher erheben wir auch keine pers\u00f6nlichen Daten von Ihnen, abgesehen von den technischen Erhebungen welche allgemein beim \u00d6ffnen von Webseiten im Hintergrund \u00fcber die Provider oder beim Nutzen von interaktiven Bestandteilen von Webseite erfolgen.<\/p>\r\n<p>Dies w\u00e4ren beim Besuch unserer Webseite:<\/p>\r\n<ol>\r\n<li>beim Aufruf unserer Webseite wird Ihre IP-Adresse von unserem Provider, der STRATO AG, erfasst und in Logfiles gespeichert. Dies geschieht zur Erkennung und Abwehr von Angriffen. Nach maximal sieben Tagen werden diese Daten automatisch wieder gel\u00f6scht.<br \/><br \/><\/li>\r\n<li>Unter dem Reiter \u201eKontakt\u201c k\u00f6nnen Sie auf eine Google Maps \/ Google Earth Karte zugreifen, welche Ihnen bei der Anfahrt zu unserer Adresse helfen soll. Wenn Sie in diese Karte klicken, nutzen Sie einen Dienst von Google und Google erhebt personenbezogene Daten im Rahmen der Nutzungsbestimmungen von Google, Google Maps \/ Google Earth. Unter dem unteren Bildrand der Karte finden Sie Zugriff auf die Nutzungsbestimmungen von Google. Alternativ k\u00f6nnen Sie folgenden Link zu den Nutzungsbestimmungen von Google Maps \/ Google Earth nutzen: https:\/\/www.google.com\/intl\/de_DE\/help\/terms_maps.html Hier finden Sie Informationen zur Art der erhobenen Daten, deren Nutzung und L\u00f6schung. Bitte lesen Sie die Google Nutzungsbestimmungen gr\u00fcndlich und nutzen die Karte nur wenn Sie mit den Nutzungsbestimmungen von Google einverstanden sind!<br \/><br \/><\/li>\r\n<li>Durch das Ausf\u00fcllen des Kontaktformulars, welches Sie von sich aus freiwillig tun, sofern Sie mit uns \u00fcber diesen Weg in Kontakt treten m\u00f6chten. Diese Daten werden nur genutzt, um mit Ihnen in Kontakt zu treten, sofern Sie dies w\u00fcnschen. Ohne einen Wunsch der Kontaktaufnahme Ihrerseits, treten wir nicht an Sie heran.<\/li>\r\n<\/ol>\r\n<p>Grunds\u00e4tzlich sollte beachtet werden, dass das Internet selbst kein sicheres und gesichertes Medium darstellt. Daher bieten wir Ihnen auch alternativ andere Wege zur Kontaktaufnahme an:<\/p>\r\n<ul>\r\n<li>durch das direkte senden einer E-Mail an:\u00a0<a href=\"mailto:service@seidich.de\">service@seidich.de<\/a><\/li>\r\n<li>durch das senden eines Faxes an: 0049 (0) 2325 \/ 56 96 57<\/li>\r\n<li>durch einen Telefonanruf unter Tel.: 0049 (0) 2325 \/ 56 96 56<\/li>\r\n<\/ul>\r\n<p><strong>02: Welche Daten erhalten und speichern wir:<\/strong><\/p>\r\n<ul>\r\n<li>Ihren Namen &#8211; so wie Sie diesen im Kontaktformular angeben<\/li>\r\n<li>Ihre E-Mail Adresse<\/li>\r\n<li>Ihre Telefonnummer \u2013 sofern Sie einen R\u00fcckruf erw\u00fcnschen<\/li>\r\n<\/ul>\r\n<p><strong>03: Warum erheben und speichern wir diese Daten:<br \/><\/strong>Ausschlie\u00dflich um mit Ihnen in Kontakt zu treten, sofern sie diesen Wunsch in dem Kontaktformular \u00e4u\u00dfern.<\/p>\r\n<p><strong>04: Wie lange werden die Daten gespeichert:<\/strong><\/p>\r\n<ul>\r\n<li>Gespeicherte Daten von Besuchern unserer Webseite (Angaben \u00fcber das Kontaktformular) werden maximal nach 90 Tagen gel\u00f6scht.<\/li>\r\n<li>Erfasste IP-Adressen durch die STRATO AG werden nach sieben Tagen automatisch gel\u00f6scht.;<\/li>\r\n<\/ul>\r\n<p><strong>05: Weitergabe Ihrer Daten an Dritte:<\/strong><br \/>Wir geben grunds\u00e4tzlich keine Daten von Besuchern unserer Webseite an Dritte weiter. (Ausnahme: Durch die Nutzung der Karte von Google Maps \u2013 siehe 01.1 )<\/p>\r\n<p><strong>06: Widerspruchsrecht \/ Auskunftsrecht \/ L\u00f6schung von Daten<\/strong><\/p>\r\n<p>Zu Punkt 01.1 wenden Sie sich bitte an Google. F\u00fcr alle anderen Punkte senden Sie uns bitte eine E-Mail an:\u00a0<a href=\"mailto:datenschutz@seidich.de\">datenschutz@seidich.de<\/a>\u00a0mit Ihrem Widerspruch. Wir best\u00e4tigen Ihnen dann gerne welche Daten wir gespeichert haben und, sofern von Ihnen gew\u00fcnscht, die erfolgte L\u00f6schung der von Ihnen an uns \u00fcbermittelten Daten.<\/p>\r\n<p>Auch ohne Widerspruch, werden alle von Besuchern gemachten Angaben nach maximal 90 Tagen gel\u00f6scht.<\/p>\r\n<p><strong>07: Cookies<\/strong><br \/>Wir verwenden keine Cookies.<\/p>\r\n<p><strong>08: Datensicherheit<\/strong><br \/>Die STRATO Rechenzentren sind vom T\u00dcV S\u00fcd nach ISO 27001 auch auf Datensicherheit hin \u00fcberpr\u00fcft und zertifiziert. Die Daten sind durch verschiedene Sicherheitsmechanismen gegen unberechtigten Zugriff gesch\u00fctzt.<\/p>\r\n<p><strong>09: Datenverarbeitung<\/strong><br \/>Wir verarbeiten die von Ihnen im Kontaktformular angegeben Daten nur zum Zwecke der gew\u00fcnschten Kontaktaufnahme mit Ihnen. Wir lassen keine Daten au\u00dferhalb der EU verarbeiten.<\/p>\r\n<p><strong>10: Tracking- \/ Analysetechnik<\/strong><br \/>Weder wir, noch der Provider unserer Webseite, die STRATO AG, setzen auf unserer Webseite Tracking-Mechanismen und Webanalysedienste ein (Stand Mai 2018).<\/p>\r\n<p><strong>11: Datenschutzbeauftrage<\/strong>:<br \/>Laut den Bestimmungen der EU-DSGVO ist f\u00fcr unseren Betrieb \/ unserer Werkstatt, aufgrund der kleinen Betriebsgr\u00f6\u00dfe \/ Personalst\u00e4rke, kein eigener Datenschutzbeauftragter n\u00f6tig. Sollten Sie Fragen zum Datenschutz an uns haben, senden Sie Ihre Anfrage bitte an:\u00a0<a href=\"mailto:datenschutz@seidich.de\">datenschutz@seidich.de<\/a><\/p>\r\n<p>Quelle der Aussagen \u00fcber STRATO:\u00a0<a href=\"https:\/\/www.strato.de\/faq\/article\/2763\/Fragen-zur-Auftragsverarbeitungsvertrag-AVV-und-der-neuen-EU-Datenschutzgrundverordnung-DSGVO.html\">https:\/\/www.strato.de\/faq\/article\/2763\/Fragen-zur-Auftragsverarbeitungsvertrag-AVV-und-der-neuen-EU-Datenschutzgrundverordnung-DSGVO.html<\/a><\/p>\r\n","protected":false},"excerpt":{"rendered":"<p>Herzlich willkommen bei der Sch\u00e4ftemacherei Seidich! Wir freuen uns, dass Sie unsere Webseite besuchen und bedanken uns f\u00fcr Ihr Interesse an unserer Arbeit. Der Schutz Ihrer Privatsph\u00e4re ist uns sehr wichtig und entsprechend der neuen europ\u00e4ischen Datenschutzgrundverordnung gehen wir mit Ihren Daten sehr sensibel um. Bitte nehmen Sie die nachstehenden Informationen zur Kenntnis: 01: Erhebung [&hellip;]<\/p>\n","protected":false},"author":1,"featured_media":0,"parent":0,"menu_order":0,"comment_status":"closed","ping_status":"open","template":"","meta":{"footnotes":""},"class_list":["post-39","page","type-page","status-publish","hentry"],"_links":{"self":[{"href":"https:\/\/schaftbau.com\/en\/wp-json\/wp\/v2\/pages\/39","targetHints":{"allow":["GET"]}}],"collection":[{"href":"https:\/\/schaftbau.com\/en\/wp-json\/wp\/v2\/pages"}],"about":[{"href":"https:\/\/schaftbau.com\/en\/wp-json\/wp\/v2\/types\/page"}],"author":[{"embeddable":true,"href":"https:\/\/schaftbau.com\/en\/wp-json\/wp\/v2\/users\/1"}],"replies":[{"embeddable":true,"href":"https:\/\/schaftbau.com\/en\/wp-json\/wp\/v2\/comments?post=39"}],"version-history":[{"count":6,"href":"https:\/\/schaftbau.com\/en\/wp-json\/wp\/v2\/pages\/39\/revisions"}],"predecessor-version":[{"id":1879,"href":"https:\/\/schaftbau.com\/en\/wp-json\/wp\/v2\/pages\/39\/revisions\/1879"}],"wp:attachment":[{"href":"https:\/\/schaftbau.com\/en\/wp-json\/wp\/v2\/media?parent=39"}],"curies":[{"name":"wp","href":"https:\/\/api.w.org\/{rel}","templated":true}]}}